{"id":67,"date":"2026-01-24T21:44:43","date_gmt":"2026-01-24T20:44:43","guid":{"rendered":"https:\/\/itdoc.dk\/?page_id=67"},"modified":"2026-01-24T22:01:23","modified_gmt":"2026-01-24T21:01:23","slug":"om-os","status":"publish","type":"page","link":"https:\/\/itdoc.dk\/?page_id=67","title":{"rendered":"Om os"},"content":{"rendered":"\n<p>ITdoc er et specialiseret IT-konsulenthus drevet af Anders, senior IT-konsulent med mere end 24 \u00e5rs erfaring inden for Microsoft-teknologier, cloud, servere, netv\u00e6rk og IT-sikkerhed.<\/p>\n\n\n\n<p>Jeg arbejder t\u00e6t sammen med mine kunder og tager ansvar for hele l\u00f8sningen \u2013 fra r\u00e5dgivning og arkitektur til implementering og drift.<\/p>\n\n\n\n<p>Tilgangen er pragmatisk og l\u00f8sningsorienteret: IT skal fungere stabilt, v\u00e6re sikkert og give mening i hverdagen.<\/p>\n\n\n\n<p>ITdoc leverer r\u00e5dgivning og teknisk ekspertise med fokus p\u00e5 ansvar, faglighed og langsigtede l\u00f8sninger.<\/p>\n\n\n\n<p>Jeg leverer ikke kun teknisk ekspertise \u2013 jeg hj\u00e6lper kunder med at f\u00e5 IT til at fungere i praksis, s\u00e5 forretningen kan fokusere p\u00e5 det, den er bedst til.<\/p>\n\n\n\n<p><\/p>\n","protected":false},"excerpt":{"rendered":"<p>ITdoc er et specialiseret IT-konsulenthus drevet af Anders, senior IT-konsulent med mere end 24 \u00e5rs erfaring inden for Microsoft-teknologier, cloud, servere, netv\u00e6rk og IT-sikkerhed. Jeg arbejder t\u00e6t sammen med mine kunder og tager ansvar for hele l\u00f8sningen \u2013 fra r\u00e5dgivning og arkitektur til implementering og drift. Tilgangen er pragmatisk og l\u00f8sningsorienteret: IT skal fungere stabilt, [&hellip;]<\/p>\n","protected":false},"author":1,"featured_media":0,"parent":0,"menu_order":0,"comment_status":"closed","ping_status":"closed","template":"","meta":{"footnotes":""},"class_list":["post-67","page","type-page","status-publish","hentry"],"_links":{"self":[{"href":"https:\/\/itdoc.dk\/index.php?rest_route=\/wp\/v2\/pages\/67","targetHints":{"allow":["GET"]}}],"collection":[{"href":"https:\/\/itdoc.dk\/index.php?rest_route=\/wp\/v2\/pages"}],"about":[{"href":"https:\/\/itdoc.dk\/index.php?rest_route=\/wp\/v2\/types\/page"}],"author":[{"embeddable":true,"href":"https:\/\/itdoc.dk\/index.php?rest_route=\/wp\/v2\/users\/1"}],"replies":[{"embeddable":true,"href":"https:\/\/itdoc.dk\/index.php?rest_route=%2Fwp%2Fv2%2Fcomments&post=67"}],"version-history":[{"count":5,"href":"https:\/\/itdoc.dk\/index.php?rest_route=\/wp\/v2\/pages\/67\/revisions"}],"predecessor-version":[{"id":77,"href":"https:\/\/itdoc.dk\/index.php?rest_route=\/wp\/v2\/pages\/67\/revisions\/77"}],"wp:attachment":[{"href":"https:\/\/itdoc.dk\/index.php?rest_route=%2Fwp%2Fv2%2Fmedia&parent=67"}],"curies":[{"name":"wp","href":"https:\/\/api.w.org\/{rel}","templated":true}]}}